{"id":1730,"date":"2026-04-17T22:30:16","date_gmt":"2026-04-17T22:30:16","guid":{"rendered":"https:\/\/learnradiomics.com\/?page_id=1730"},"modified":"2026-04-17T22:30:16","modified_gmt":"2026-04-17T22:30:16","slug":"politica-de-reembolso-e-devolucoes","status":"publish","type":"page","link":"https:\/\/learnradiomics.com\/pt-br\/politica-de-reembolso-e-devolucoes\/","title":{"rendered":"Pol\u00edtica de Reembolso e Devolu\u00e7\u00f5es"},"content":{"rendered":"\n<p><b>Esta \u00e9 uma p\u00e1gina de exemplo.<\/b><\/p>\n\n<h2 class=\"wp-block-heading\">Vis\u00e3o Geral<\/h2>\n\n<p>Nossa pol\u00edtica de reembolso e devolu\u00e7\u00f5es tem validade de 30 dias. Se 30 dias se passaram desde sua compra, n\u00e3o podemos oferecer um reembolso total ou troca. <\/p>\n\n<p>Para ser eleg\u00edvel para uma devolu\u00e7\u00e3o, seu item deve estar sem uso e na mesma condi\u00e7\u00e3o em que voc\u00ea o recebeu. Ele tamb\u00e9m deve estar na embalagem original. <\/p>\n\n<p>V\u00e1rios tipos de produtos est\u00e3o isentos de devolu\u00e7\u00e3o. Produtos perec\u00edveis como alimentos, flores, jornais ou revistas n\u00e3o podem ser devolvidos. Tamb\u00e9m n\u00e3o aceitamos produtos que sejam itens \u00edntimos ou sanit\u00e1rios, materiais perigosos ou l\u00edquidos ou gases inflam\u00e1veis.  <\/p>\n\n<p>Itens adicionais n\u00e3o retorn\u00e1veis:<\/p>\n\n<ul class=\"wp-block-list\">\n<li>Cart\u00f5es-presente<\/li>\n<li>Produtos de software para download<\/li>\n<li>Alguns itens de sa\u00fade e cuidados pessoais<\/li>\n<\/ul>\n\n<p>Para completar sua devolu\u00e7\u00e3o, exigimos um recibo ou comprovante de compra.<\/p>\n\n<p>Por favor, n\u00e3o envie sua compra de volta ao fabricante.<\/p>\n\n<p>H\u00e1 certas situa\u00e7\u00f5es em que apenas reembolsos parciais s\u00e3o concedidos:<\/p>\n\n<ul class=\"wp-block-list\">\n<li>Livro com sinais evidentes de uso<\/li>\n<li>CD, DVD, fita VHS, software, videogame, fita cassete ou disco de vinil que tenha sido aberto.<\/li>\n<li>Qualquer item que n\u00e3o esteja em sua condi\u00e7\u00e3o original, esteja danificado ou com pe\u00e7as faltando por motivos n\u00e3o decorrentes de nosso erro.<\/li>\n<li>Qualquer item que seja devolvido mais de 30 dias ap\u00f3s a entrega<\/li>\n<\/ul>\n\n<h2 class=\"wp-block-heading\">Reembolsos<\/h2>\n\n<p>Assim que sua devolu\u00e7\u00e3o for recebida e inspecionada, enviaremos um e-mail para notific\u00e1-lo de que recebemos seu item devolvido. Tamb\u00e9m notificaremos voc\u00ea sobre a aprova\u00e7\u00e3o ou rejei\u00e7\u00e3o de seu reembolso. <\/p>\n\n<p>Se voc\u00ea for aprovado, seu reembolso ser\u00e1 processado e um cr\u00e9dito ser\u00e1 automaticamente aplicado ao seu cart\u00e3o de cr\u00e9dito ou m\u00e9todo de pagamento original, dentro de um certo n\u00famero de dias.<\/p>\n\n<h3 class=\"wp-block-heading\">Reembolsos atrasados ou ausentes<\/h3>\n\n<p>Se voc\u00ea ainda n\u00e3o recebeu um reembolso, primeiro verifique sua conta banc\u00e1ria novamente.<\/p>\n\n<p>Em seguida, entre em contato com a operadora do seu cart\u00e3o de cr\u00e9dito, pois pode levar algum tempo antes que seu reembolso seja oficialmente lan\u00e7ado.<\/p>\n\n<p>Depois, entre em contato com seu banco. Frequentemente h\u00e1 algum tempo de processamento antes que um reembolso seja lan\u00e7ado. <\/p>\n\n<p>Se voc\u00ea fez tudo isso e ainda n\u00e3o recebeu seu reembolso, entre em contato conosco em {email address}.<\/p>\n\n<h3 class=\"wp-block-heading\">Itens em promo\u00e7\u00e3o<\/h3>\n\n<p>Apenas itens com pre\u00e7o regular podem ser reembolsados. Itens em promo\u00e7\u00e3o n\u00e3o podem ser reembolsados. <\/p>\n\n<h2 class=\"wp-block-heading\">Trocas<\/h2>\n\n<p>Substitu\u00edmos itens apenas se estiverem com defeito ou danificados. Se voc\u00ea precisar troc\u00e1-lo pelo mesmo item, envie-nos um e-mail para {email address} e envie seu item para: {physical address}. <\/p>\n\n<h2 class=\"wp-block-heading\">Presentes<\/h2>\n\n<p>Se o item foi marcado como presente quando comprado e enviado diretamente para voc\u00ea, voc\u00ea receber\u00e1 um cr\u00e9dito de presente pelo valor de sua devolu\u00e7\u00e3o. Assim que o item devolvido for recebido, um certificado de presente ser\u00e1 enviado a voc\u00ea. <\/p>\n\n<p>Se o item n\u00e3o foi marcado como presente quando comprado, ou se quem presenteou teve o pedido enviado para si mesmo para dar a voc\u00ea depois, enviaremos um reembolso para quem presenteou e essa pessoa ficar\u00e1 sabendo sobre sua devolu\u00e7\u00e3o.<\/p>\n\n<h2 class=\"wp-block-heading\">Envio de devolu\u00e7\u00f5es<\/h2>\n\n<p>Para devolver seu produto, voc\u00ea deve enviar seu produto para: {physical address}.<\/p>\n\n<p>Voc\u00ea ser\u00e1 respons\u00e1vel por pagar seus pr\u00f3prios custos de envio para devolver seu item. Os custos de envio n\u00e3o s\u00e3o reembols\u00e1veis. Se voc\u00ea receber um reembolso, o custo do envio de devolu\u00e7\u00e3o ser\u00e1 deduzido de seu reembolso.  <\/p>\n\n<p>Dependendo de onde voc\u00ea mora, o tempo que pode levar para seu produto trocado chegar at\u00e9 voc\u00ea pode variar.<\/p>\n\n<p>Se voc\u00ea estiver devolvendo itens mais caros, considere usar um servi\u00e7o de envio rastre\u00e1vel ou adquirir seguro de envio. N\u00e3o garantimos que receberemos seu item devolvido. <\/p>\n\n<h2 class=\"wp-block-heading\">Precisa de ajuda?<\/h2>\n\n<p>Entre em contato conosco em {email} para quest\u00f5es relacionadas a reembolsos e devolu\u00e7\u00f5es.<\/p>\n","protected":false},"excerpt":{"rendered":"<p>Esta \u00e9 uma p\u00e1gina de exemplo. Vis\u00e3o Geral Nossa pol\u00edtica de reembolso e devolu\u00e7\u00f5es tem validade de 30 dias. Se 30 dias se passaram desde sua compra, n\u00e3o podemos oferecer um reembolso total ou troca. Para ser eleg\u00edvel para uma devolu\u00e7\u00e3o, seu item deve estar sem uso e na mesma condi\u00e7\u00e3o em que voc\u00ea o&#8230;<\/p>\n","protected":false},"author":1,"featured_media":0,"parent":0,"menu_order":0,"comment_status":"closed","ping_status":"closed","template":"","meta":{"_kadence_starter_templates_imported_post":false,"_kad_post_transparent":"","_kad_post_title":"","_kad_post_layout":"","_kad_post_sidebar_id":"","_kad_post_content_style":"","_kad_post_vertical_padding":"","_kad_post_feature":"","_kad_post_feature_position":"","_kad_post_header":false,"_kad_post_footer":false,"_kad_post_classname":"","footnotes":""},"class_list":["post-1730","page","type-page","status-publish","hentry"],"_hostinger_reach_plugin_has_subscription_block":false,"_hostinger_reach_plugin_is_elementor":false,"_links":{"self":[{"href":"https:\/\/learnradiomics.com\/pt-br\/wp-json\/wp\/v2\/pages\/1730","targetHints":{"allow":["GET"]}}],"collection":[{"href":"https:\/\/learnradiomics.com\/pt-br\/wp-json\/wp\/v2\/pages"}],"about":[{"href":"https:\/\/learnradiomics.com\/pt-br\/wp-json\/wp\/v2\/types\/page"}],"author":[{"embeddable":true,"href":"https:\/\/learnradiomics.com\/pt-br\/wp-json\/wp\/v2\/users\/1"}],"replies":[{"embeddable":true,"href":"https:\/\/learnradiomics.com\/pt-br\/wp-json\/wp\/v2\/comments?post=1730"}],"version-history":[{"count":2,"href":"https:\/\/learnradiomics.com\/pt-br\/wp-json\/wp\/v2\/pages\/1730\/revisions"}],"predecessor-version":[{"id":1732,"href":"https:\/\/learnradiomics.com\/pt-br\/wp-json\/wp\/v2\/pages\/1730\/revisions\/1732"}],"wp:attachment":[{"href":"https:\/\/learnradiomics.com\/pt-br\/wp-json\/wp\/v2\/media?parent=1730"}],"curies":[{"name":"wp","href":"https:\/\/api.w.org\/{rel}","templated":true}]}}